{"id":8730,"date":"2022-12-20T15:42:09","date_gmt":"2022-12-20T15:42:09","guid":{"rendered":"https:\/\/www.um.edu.mt\/mup\/store\/product\/il-kitba-teatrali-fmalta\/"},"modified":"2026-01-14T09:29:19","modified_gmt":"2026-01-14T09:29:19","slug":"il-kitba-teatrali-fmalta","status":"publish","type":"product","link":"https:\/\/www.um.edu.mt\/mup\/store\/product\/il-kitba-teatrali-fmalta\/","title":{"rendered":"Il-Kitba Teatrali f&#8217;Malta"},"content":{"rendered":"<p>Fil-pre\u017cent jidher li wa\u0127da mill-akbar preokkupazzjonijiet fil-qasam teatrali f&#8217;Malta tirrigwarda l-kitba ta&#8217; skripts \u0121odda. \u0126afna qeg\u0127din isostnu li l-akbar kri\u017ci fit-teatru Malti hija dovuta g\u0127all-fatt li tul dawn l-a\u0127\u0127ar snin ma nibtu l-ebda kittieba \u017cg\u0127a\u017cag\u0127 li meddew g\u0127onqhom g\u0127ax-xog\u0127ol tal-kitba tal-iskript.<\/p>\n","protected":false},"excerpt":{"rendered":"<p>Fil-pre\u017cent jidher li wa\u0127da mill-akbar preokkupazzjonijiet fil-qasam teatrali f&#8217;Malta tirrigwarda l-kitba ta&#8217; skripts \u0121odda. \u0126afna qeg\u0127din isostnu li l-akbar kri\u017ci fit-teatru Malti hija dovuta g\u0127all-fatt li tul dawn l-a\u0127\u0127ar snin ma nibtu l-ebda kittieba \u017cg\u0127a\u017cag\u0127 li meddew g\u0127onqhom g\u0127ax-xog\u0127ol tal-kitba tal-iskript.<\/p>\n","protected":false},"featured_media":10308,"comment_status":"closed","ping_status":"closed","template":"","meta":{"_acf_changed":false,"inline_featured_image":false},"product_cat":[605,617,537,606,610],"product_tag":[],"class_list":{"0":"post-8730","1":"product","2":"type-product","3":"status-publish","4":"has-post-thumbnail","6":"product_cat-language-and-literature","7":"product_cat-maltese","8":"product_cat-maltese-history-culture-and-society","9":"product_cat-melitensia","10":"product_cat-performing-arts","11":"pa_book-author-cremona-vicki-ann","12":"pa_book-author-galea-marco","13":"pa_book-author-mifsud-immanuel","14":"pa_book-language-maltese","15":"pa_format-softcover","16":"pa_year-2-325","18":"first","19":"instock","20":"sale","21":"purchasable","22":"product-type-simple"},"acf":[],"yoast_head":"<!-- This site is optimized with the Yoast SEO plugin v27.0 - https:\/\/yoast.com\/product\/yoast-seo-wordpress\/ -->\n<title>Il-Kitba Teatrali f&#039;Malta - Malta University Press<\/title>\n<meta name=\"robots\" content=\"index, follow, max-snippet:-1, max-image-preview:large, max-video-preview:-1\" \/>\n<link rel=\"canonical\" href=\"https:\/\/www.um.edu.mt\/mup\/store\/product\/il-kitba-teatrali-fmalta\/\" \/>\n<meta property=\"og:locale\" content=\"en_US\" \/>\n<meta property=\"og:type\" content=\"article\" \/>\n<meta property=\"og:title\" content=\"Il-Kitba Teatrali f&#039;Malta - Malta University Press\" \/>\n<meta property=\"og:description\" content=\"Fil-pre\u017cent jidher li wa\u0127da mill-akbar preokkupazzjonijiet fil-qasam teatrali f&#8217;Malta tirrigwarda l-kitba ta&#8217; skripts \u0121odda. \u0126afna qeg\u0127din isostnu li l-akbar kri\u017ci fit-teatru Malti hija dovuta g\u0127all-fatt li tul dawn l-a\u0127\u0127ar snin ma nibtu l-ebda kittieba \u017cg\u0127a\u017cag\u0127 li meddew g\u0127onqhom g\u0127ax-xog\u0127ol tal-kitba tal-iskript.\" \/>\n<meta property=\"og:url\" content=\"https:\/\/www.um.edu.mt\/mup\/store\/product\/il-kitba-teatrali-fmalta\/\" \/>\n<meta property=\"og:site_name\" content=\"Malta University Press\" \/>\n<meta property=\"article:publisher\" content=\"https:\/\/www.facebook.com\/um.maltauniversitypress\" \/>\n<meta property=\"article:modified_time\" content=\"2026-01-14T09:29:19+00:00\" \/>\n<meta property=\"og:image\" content=\"https:\/\/www.um.edu.mt\/mup\/store\/wp-content\/uploads\/2022\/12\/kitbateatrali.jpg\" \/>\n\t<meta property=\"og:image:width\" content=\"240\" \/>\n\t<meta property=\"og:image:height\" content=\"350\" \/>\n\t<meta property=\"og:image:type\" content=\"image\/jpeg\" \/>\n<meta name=\"twitter:card\" content=\"summary_large_image\" \/>\n<meta name=\"twitter:label1\" content=\"Est. reading time\" \/>\n\t<meta name=\"twitter:data1\" content=\"1 minute\" \/>\n<script type=\"application\/ld+json\" class=\"yoast-schema-graph\">{\"@context\":\"https:\/\/schema.org\",\"@graph\":[{\"@type\":\"WebPage\",\"@id\":\"https:\/\/www.um.edu.mt\/mup\/store\/product\/il-kitba-teatrali-fmalta\/\",\"url\":\"https:\/\/www.um.edu.mt\/mup\/store\/product\/il-kitba-teatrali-fmalta\/\",\"name\":\"Il-Kitba Teatrali f'Malta - Malta University Press\",\"isPartOf\":{\"@id\":\"https:\/\/www.um.edu.mt\/mup\/store\/#website\"},\"primaryImageOfPage\":{\"@id\":\"https:\/\/www.um.edu.mt\/mup\/store\/product\/il-kitba-teatrali-fmalta\/#primaryimage\"},\"image\":{\"@id\":\"https:\/\/www.um.edu.mt\/mup\/store\/product\/il-kitba-teatrali-fmalta\/#primaryimage\"},\"thumbnailUrl\":\"https:\/\/www.um.edu.mt\/mup\/store\/wp-content\/uploads\/2022\/12\/kitbateatrali.webp\",\"datePublished\":\"2022-12-20T15:42:09+00:00\",\"dateModified\":\"2026-01-14T09:29:19+00:00\",\"breadcrumb\":{\"@id\":\"https:\/\/www.um.edu.mt\/mup\/store\/product\/il-kitba-teatrali-fmalta\/#breadcrumb\"},\"inLanguage\":\"en-US\",\"potentialAction\":[{\"@type\":\"ReadAction\",\"target\":[\"https:\/\/www.um.edu.mt\/mup\/store\/product\/il-kitba-teatrali-fmalta\/\"]}]},{\"@type\":\"ImageObject\",\"inLanguage\":\"en-US\",\"@id\":\"https:\/\/www.um.edu.mt\/mup\/store\/product\/il-kitba-teatrali-fmalta\/#primaryimage\",\"url\":\"https:\/\/www.um.edu.mt\/mup\/store\/wp-content\/uploads\/2022\/12\/kitbateatrali.webp\",\"contentUrl\":\"https:\/\/www.um.edu.mt\/mup\/store\/wp-content\/uploads\/2022\/12\/kitbateatrali.webp\",\"width\":240,\"height\":350},{\"@type\":\"BreadcrumbList\",\"@id\":\"https:\/\/www.um.edu.mt\/mup\/store\/product\/il-kitba-teatrali-fmalta\/#breadcrumb\",\"itemListElement\":[{\"@type\":\"ListItem\",\"position\":1,\"name\":\"Home\",\"item\":\"https:\/\/www.um.edu.mt\/mup\/store\/\"},{\"@type\":\"ListItem\",\"position\":2,\"name\":\"Our Catalogue\",\"item\":\"https:\/\/www.um.edu.mt\/mup\/store\/our-catalogue\/\"},{\"@type\":\"ListItem\",\"position\":3,\"name\":\"Il-Kitba Teatrali f&#8217;Malta\"}]},{\"@type\":\"WebSite\",\"@id\":\"https:\/\/www.um.edu.mt\/mup\/store\/#website\",\"url\":\"https:\/\/www.um.edu.mt\/mup\/store\/\",\"name\":\"Malta University Press\",\"description\":\"\",\"publisher\":{\"@id\":\"https:\/\/www.um.edu.mt\/mup\/store\/#organization\"},\"potentialAction\":[{\"@type\":\"SearchAction\",\"target\":{\"@type\":\"EntryPoint\",\"urlTemplate\":\"https:\/\/www.um.edu.mt\/mup\/store\/?s={search_term_string}\"},\"query-input\":{\"@type\":\"PropertyValueSpecification\",\"valueRequired\":true,\"valueName\":\"search_term_string\"}}],\"inLanguage\":\"en-US\"},{\"@type\":\"Organization\",\"@id\":\"https:\/\/www.um.edu.mt\/mup\/store\/#organization\",\"name\":\"Malta University Press\",\"url\":\"https:\/\/www.um.edu.mt\/mup\/store\/\",\"logo\":{\"@type\":\"ImageObject\",\"inLanguage\":\"en-US\",\"@id\":\"https:\/\/www.um.edu.mt\/mup\/store\/#\/schema\/logo\/image\/\",\"url\":\"https:\/\/www.um.edu.mt\/mup\/store\/wp-content\/uploads\/2022\/04\/MUP_Red-Logo@2x.png\",\"contentUrl\":\"https:\/\/www.um.edu.mt\/mup\/store\/wp-content\/uploads\/2022\/04\/MUP_Red-Logo@2x.png\",\"width\":560,\"height\":168,\"caption\":\"Malta University Press\"},\"image\":{\"@id\":\"https:\/\/www.um.edu.mt\/mup\/store\/#\/schema\/logo\/image\/\"},\"sameAs\":[\"https:\/\/www.facebook.com\/um.maltauniversitypress\"]}]}<\/script>\n<!-- \/ Yoast SEO plugin. -->","yoast_head_json":{"title":"Il-Kitba Teatrali f'Malta - Malta University Press","robots":{"index":"index","follow":"follow","max-snippet":"max-snippet:-1","max-image-preview":"max-image-preview:large","max-video-preview":"max-video-preview:-1"},"canonical":"https:\/\/www.um.edu.mt\/mup\/store\/product\/il-kitba-teatrali-fmalta\/","og_locale":"en_US","og_type":"article","og_title":"Il-Kitba Teatrali f'Malta - Malta University Press","og_description":"Fil-pre\u017cent jidher li wa\u0127da mill-akbar preokkupazzjonijiet fil-qasam teatrali f&#8217;Malta tirrigwarda l-kitba ta&#8217; skripts \u0121odda. \u0126afna qeg\u0127din isostnu li l-akbar kri\u017ci fit-teatru Malti hija dovuta g\u0127all-fatt li tul dawn l-a\u0127\u0127ar snin ma nibtu l-ebda kittieba \u017cg\u0127a\u017cag\u0127 li meddew g\u0127onqhom g\u0127ax-xog\u0127ol tal-kitba tal-iskript.","og_url":"https:\/\/www.um.edu.mt\/mup\/store\/product\/il-kitba-teatrali-fmalta\/","og_site_name":"Malta University Press","article_publisher":"https:\/\/www.facebook.com\/um.maltauniversitypress","article_modified_time":"2026-01-14T09:29:19+00:00","og_image":[{"width":240,"height":350,"url":"https:\/\/www.um.edu.mt\/mup\/store\/wp-content\/uploads\/2022\/12\/kitbateatrali.jpg","type":"image\/jpeg"}],"twitter_card":"summary_large_image","twitter_misc":{"Est. reading time":"1 minute"},"schema":{"@context":"https:\/\/schema.org","@graph":[{"@type":"WebPage","@id":"https:\/\/www.um.edu.mt\/mup\/store\/product\/il-kitba-teatrali-fmalta\/","url":"https:\/\/www.um.edu.mt\/mup\/store\/product\/il-kitba-teatrali-fmalta\/","name":"Il-Kitba Teatrali f'Malta - Malta University Press","isPartOf":{"@id":"https:\/\/www.um.edu.mt\/mup\/store\/#website"},"primaryImageOfPage":{"@id":"https:\/\/www.um.edu.mt\/mup\/store\/product\/il-kitba-teatrali-fmalta\/#primaryimage"},"image":{"@id":"https:\/\/www.um.edu.mt\/mup\/store\/product\/il-kitba-teatrali-fmalta\/#primaryimage"},"thumbnailUrl":"https:\/\/www.um.edu.mt\/mup\/store\/wp-content\/uploads\/2022\/12\/kitbateatrali.webp","datePublished":"2022-12-20T15:42:09+00:00","dateModified":"2026-01-14T09:29:19+00:00","breadcrumb":{"@id":"https:\/\/www.um.edu.mt\/mup\/store\/product\/il-kitba-teatrali-fmalta\/#breadcrumb"},"inLanguage":"en-US","potentialAction":[{"@type":"ReadAction","target":["https:\/\/www.um.edu.mt\/mup\/store\/product\/il-kitba-teatrali-fmalta\/"]}]},{"@type":"ImageObject","inLanguage":"en-US","@id":"https:\/\/www.um.edu.mt\/mup\/store\/product\/il-kitba-teatrali-fmalta\/#primaryimage","url":"https:\/\/www.um.edu.mt\/mup\/store\/wp-content\/uploads\/2022\/12\/kitbateatrali.webp","contentUrl":"https:\/\/www.um.edu.mt\/mup\/store\/wp-content\/uploads\/2022\/12\/kitbateatrali.webp","width":240,"height":350},{"@type":"BreadcrumbList","@id":"https:\/\/www.um.edu.mt\/mup\/store\/product\/il-kitba-teatrali-fmalta\/#breadcrumb","itemListElement":[{"@type":"ListItem","position":1,"name":"Home","item":"https:\/\/www.um.edu.mt\/mup\/store\/"},{"@type":"ListItem","position":2,"name":"Our Catalogue","item":"https:\/\/www.um.edu.mt\/mup\/store\/our-catalogue\/"},{"@type":"ListItem","position":3,"name":"Il-Kitba Teatrali f&#8217;Malta"}]},{"@type":"WebSite","@id":"https:\/\/www.um.edu.mt\/mup\/store\/#website","url":"https:\/\/www.um.edu.mt\/mup\/store\/","name":"Malta University Press","description":"","publisher":{"@id":"https:\/\/www.um.edu.mt\/mup\/store\/#organization"},"potentialAction":[{"@type":"SearchAction","target":{"@type":"EntryPoint","urlTemplate":"https:\/\/www.um.edu.mt\/mup\/store\/?s={search_term_string}"},"query-input":{"@type":"PropertyValueSpecification","valueRequired":true,"valueName":"search_term_string"}}],"inLanguage":"en-US"},{"@type":"Organization","@id":"https:\/\/www.um.edu.mt\/mup\/store\/#organization","name":"Malta University Press","url":"https:\/\/www.um.edu.mt\/mup\/store\/","logo":{"@type":"ImageObject","inLanguage":"en-US","@id":"https:\/\/www.um.edu.mt\/mup\/store\/#\/schema\/logo\/image\/","url":"https:\/\/www.um.edu.mt\/mup\/store\/wp-content\/uploads\/2022\/04\/MUP_Red-Logo@2x.png","contentUrl":"https:\/\/www.um.edu.mt\/mup\/store\/wp-content\/uploads\/2022\/04\/MUP_Red-Logo@2x.png","width":560,"height":168,"caption":"Malta University Press"},"image":{"@id":"https:\/\/www.um.edu.mt\/mup\/store\/#\/schema\/logo\/image\/"},"sameAs":["https:\/\/www.facebook.com\/um.maltauniversitypress"]}]}},"_links":{"self":[{"href":"https:\/\/www.um.edu.mt\/mup\/store\/wp-json\/wp\/v2\/product\/8730","targetHints":{"allow":["GET"]}}],"collection":[{"href":"https:\/\/www.um.edu.mt\/mup\/store\/wp-json\/wp\/v2\/product"}],"about":[{"href":"https:\/\/www.um.edu.mt\/mup\/store\/wp-json\/wp\/v2\/types\/product"}],"replies":[{"embeddable":true,"href":"https:\/\/www.um.edu.mt\/mup\/store\/wp-json\/wp\/v2\/comments?post=8730"}],"wp:featuredmedia":[{"embeddable":true,"href":"https:\/\/www.um.edu.mt\/mup\/store\/wp-json\/wp\/v2\/media\/10308"}],"wp:attachment":[{"href":"https:\/\/www.um.edu.mt\/mup\/store\/wp-json\/wp\/v2\/media?parent=8730"}],"wp:term":[{"taxonomy":"product_cat","embeddable":true,"href":"https:\/\/www.um.edu.mt\/mup\/store\/wp-json\/wp\/v2\/product_cat?post=8730"},{"taxonomy":"product_tag","embeddable":true,"href":"https:\/\/www.um.edu.mt\/mup\/store\/wp-json\/wp\/v2\/product_tag?post=8730"}],"curies":[{"name":"wp","href":"https:\/\/api.w.org\/{rel}","templated":true}]}}