{"id":24,"date":"2019-05-08T09:42:47","date_gmt":"2019-05-08T09:42:47","guid":{"rendered":"https:\/\/www.um.edu.mt\/projects\/mywave\/?page_id=24"},"modified":"2021-01-18T11:00:53","modified_gmt":"2021-01-18T11:00:53","slug":"core-group","status":"publish","type":"page","link":"https:\/\/www.um.edu.mt\/projects\/mywave\/members\/core-group\/","title":{"rendered":"Core Group"},"content":{"rendered":"\n<p class=\"has-large-font-size\">Action Leadership Positions<\/p>\n\n\n\n<p>ACTION CHAIR:<\/p>\n\n\n\n<p>Dr Lourdes Farrugia is the Chair of COST Action 17115. She is a Lecturer and researcher at the Department of Physics, University of Malta, with her main research interests being aspects of instrumentation and measurement of dielectric properties for biomedical applications. She is currently focusing her research on addressing gaps in the knowledge of dielectric properties of biological tissues relevant to microwave medical devices.<\/p>\n\n\n\n<figure class=\"wp-block-gallery columns-1 wp-block-gallery-1 is-layout-flex wp-block-gallery-is-layout-flex\"><ul class=\"blocks-gallery-grid\"><li class=\"blocks-gallery-item\"><figure><img loading=\"lazy\" decoding=\"async\" width=\"200\" height=\"240\" src=\"https:\/\/www.um.edu.mt\/projects\/mywave\/wp-content\/uploads\/2019\/06\/Lourdes2.jpg\" alt=\"\" data-id=\"324\" data-link=\"https:\/\/www.um.edu.mt\/projects\/mywave\/members\/core-group\/attachment\/lourdes2-2\/\" class=\"wp-image-324\"\/><\/figure><\/li><\/ul><\/figure>\n\n\n\n<p>ACTION VICE CHAIR<\/p>\n\n\n\n<p>Emily Porter <br> National University of Ireland Galway, Translational Research Facility<br> University Hospital Galway<br> Ireland  Galway  emily.porter@nuigalway.ie<\/p>\n\n\n\n<figure class=\"wp-block-gallery columns-1 wp-block-gallery-2 is-layout-flex wp-block-gallery-is-layout-flex\"><ul class=\"blocks-gallery-grid\"><li class=\"blocks-gallery-item\"><figure><img loading=\"lazy\" decoding=\"async\" width=\"200\" height=\"200\" src=\"https:\/\/www.um.edu.mt\/projects\/mywave\/wp-content\/uploads\/2019\/06\/Emily-2.png\" alt=\"\" data-id=\"321\" data-link=\"https:\/\/www.um.edu.mt\/projects\/mywave\/members\/core-group\/attachment\/emily-2\/\" class=\"wp-image-321\"\/><\/figure><\/li><\/ul><\/figure>\n\n\n\n<p>Work Group 1 Leader <br> Dr. Raquel C. Concei\u00e7\u00e3o<br> Funda\u00e7\u00e3o da Faculdade de Ci\u00eancias da Universidade de Lisboa<br> Instituto de Biof\u00edsica e Engenharia Biom\u00e9dica<br> Faculdade de Ci\u00eancias da Universidade de Lisboa<br> Campo Grande, Portugal, Lisboa<br> raquelcruzconceicao@gmail.com<\/p>\n\n\n\n<figure class=\"wp-block-gallery columns-1 wp-block-gallery-3 is-layout-flex wp-block-gallery-is-layout-flex\"><ul class=\"blocks-gallery-grid\"><li class=\"blocks-gallery-item\"><figure><img loading=\"lazy\" decoding=\"async\" width=\"275\" height=\"183\" src=\"https:\/\/www.um.edu.mt\/projects\/mywave\/wp-content\/uploads\/2019\/06\/Raquel.png\" alt=\"\" data-id=\"318\" data-link=\"https:\/\/www.um.edu.mt\/projects\/mywave\/members\/core-group\/attachment\/raquel\/\" class=\"wp-image-318\"\/><\/figure><\/li><\/ul><\/figure>\n\n\n\n<p>Work Group 3 Leader<br>  Dr Giuseppe Ruvio<br> Endowave, National University of Ireland Galway<br> Upper Newcastle Road  Ireland, Galway<br> giuseppe.ruvio@nuigalway.ie<\/p>\n\n\n\n<figure class=\"wp-block-gallery columns-1 wp-block-gallery-4 is-layout-flex wp-block-gallery-is-layout-flex\"><ul class=\"blocks-gallery-grid\"><li class=\"blocks-gallery-item\"><figure><img loading=\"lazy\" decoding=\"async\" width=\"200\" height=\"200\" src=\"https:\/\/www.um.edu.mt\/projects\/mywave\/wp-content\/uploads\/2019\/06\/Giuseppe.png\" alt=\"\" data-id=\"325\" data-link=\"https:\/\/www.um.edu.mt\/projects\/mywave\/members\/core-group\/attachment\/giuseppe\/\" class=\"wp-image-325\"\/><\/figure><\/li><\/ul><\/figure>\n\n\n\n<p>Work Group 2 Leader<br> Dr Margarethus Paulides<br> Eindhoven University of Technology<br> PO Box 513, 5600 MB Eindhoven, the Netherlands<br> Netherlands  Eindhoven<br> m.m.paulides@tue.nl<\/p>\n\n\n\n<figure class=\"wp-block-gallery columns-1 wp-block-gallery-5 is-layout-flex wp-block-gallery-is-layout-flex\"><ul class=\"blocks-gallery-grid\"><li class=\"blocks-gallery-item\"><figure><img loading=\"lazy\" decoding=\"async\" width=\"201\" height=\"251\" src=\"https:\/\/www.um.edu.mt\/projects\/mywave\/wp-content\/uploads\/2019\/06\/Marteen.png\" alt=\"\" data-id=\"326\" data-link=\"https:\/\/www.um.edu.mt\/projects\/mywave\/members\/core-group\/attachment\/marteen\/\" class=\"wp-image-326\"\/><\/figure><\/li><\/ul><\/figure>\n\n\n\n<p>Science Communication Manager<br> Dr Maya Thanou<br> King&#8217;s College London<br> 150 Stamford Street<br> United Kingdom<br> London<br> maya.thanou@kcl.ac.uk<\/p>\n\n\n\n<figure class=\"wp-block-gallery columns-1 wp-block-gallery-6 is-layout-flex wp-block-gallery-is-layout-flex\"><ul class=\"blocks-gallery-grid\"><li class=\"blocks-gallery-item\"><figure><img loading=\"lazy\" decoding=\"async\" width=\"250\" height=\"242\" src=\"https:\/\/www.um.edu.mt\/projects\/mywave\/wp-content\/uploads\/2019\/06\/Maya2.png\" alt=\"\" data-id=\"329\" data-link=\"https:\/\/www.um.edu.mt\/projects\/mywave\/members\/core-group\/attachment\/maya2\/\" class=\"wp-image-329\"\/><\/figure><\/li><\/ul><\/figure>\n\n\n\n<p>STSM Coordinator <br> Dr Marija Stevanovic<br> University of Belgrade<br> Bulevar Kralja Aleksandra 73<br> Serbia  Belgrade<br> mnikolic@etf.rs<\/p>\n\n\n\n<figure class=\"wp-block-gallery columns-1 wp-block-gallery-7 is-layout-flex wp-block-gallery-is-layout-flex\"><ul class=\"blocks-gallery-grid\"><li class=\"blocks-gallery-item\"><figure><img loading=\"lazy\" decoding=\"async\" width=\"196\" height=\"264\" src=\"https:\/\/www.um.edu.mt\/projects\/mywave\/wp-content\/uploads\/2019\/06\/Marija.png\" alt=\"\" data-id=\"330\" data-link=\"https:\/\/www.um.edu.mt\/projects\/mywave\/members\/core-group\/attachment\/marija\/\" class=\"wp-image-330\"\/><\/figure><\/li><\/ul><\/figure>\n\n\n\n<p>ITC Conference Manager<br> Dr Simona MICLAUS<br> Land Forces Academy Nicolae Balcescu<br> 3-5 Revolutiei St.  Romania<br> Sibiu  simo.miclaus@gmail.com<\/p>\n\n\n\n<figure class=\"wp-block-gallery columns-1 wp-block-gallery-8 is-layout-flex wp-block-gallery-is-layout-flex\"><ul class=\"blocks-gallery-grid\"><li class=\"blocks-gallery-item\"><figure><img loading=\"lazy\" decoding=\"async\" width=\"201\" height=\"251\" src=\"https:\/\/www.um.edu.mt\/projects\/mywave\/wp-content\/uploads\/2019\/06\/simona.png\" alt=\"\" data-id=\"331\" data-link=\"https:\/\/www.um.edu.mt\/projects\/mywave\/members\/core-group\/attachment\/simona\/\" class=\"wp-image-331\"\/><\/figure><\/li><\/ul><\/figure>\n","protected":false},"excerpt":{"rendered":"<p>Action Leadership Positions ACTION CHAIR: Dr Lourdes Farrugia is the Chair of COST Action 17115. She is a Lecturer and researcher at the Department of Physics, University of Malta, with her main research interests being aspects of instrumentation and measurement of dielectric properties for biomedical applications. She is currently focusing her research on addressing gaps [&hellip;]<\/p>\n","protected":false},"author":1,"featured_media":0,"parent":21,"menu_order":0,"comment_status":"closed","ping_status":"closed","template":"","meta":{"_acf_changed":false,"footnotes":""},"class_list":["post-24","page","type-page","status-publish","hentry"],"acf":[],"_links":{"self":[{"href":"https:\/\/www.um.edu.mt\/projects\/mywave\/wp-json\/wp\/v2\/pages\/24","targetHints":{"allow":["GET"]}}],"collection":[{"href":"https:\/\/www.um.edu.mt\/projects\/mywave\/wp-json\/wp\/v2\/pages"}],"about":[{"href":"https:\/\/www.um.edu.mt\/projects\/mywave\/wp-json\/wp\/v2\/types\/page"}],"author":[{"embeddable":true,"href":"https:\/\/www.um.edu.mt\/projects\/mywave\/wp-json\/wp\/v2\/users\/1"}],"replies":[{"embeddable":true,"href":"https:\/\/www.um.edu.mt\/projects\/mywave\/wp-json\/wp\/v2\/comments?post=24"}],"version-history":[{"count":12,"href":"https:\/\/www.um.edu.mt\/projects\/mywave\/wp-json\/wp\/v2\/pages\/24\/revisions"}],"predecessor-version":[{"id":960,"href":"https:\/\/www.um.edu.mt\/projects\/mywave\/wp-json\/wp\/v2\/pages\/24\/revisions\/960"}],"up":[{"embeddable":true,"href":"https:\/\/www.um.edu.mt\/projects\/mywave\/wp-json\/wp\/v2\/pages\/21"}],"wp:attachment":[{"href":"https:\/\/www.um.edu.mt\/projects\/mywave\/wp-json\/wp\/v2\/media?parent=24"}],"curies":[{"name":"wp","href":"https:\/\/api.w.org\/{rel}","templated":true}]}}